{"id":3,"date":"2018-09-05T08:49:50","date_gmt":"2018-09-05T11:49:50","guid":{"rendered":"http:\/\/localhost\/w3sat\/?page_id=3"},"modified":"2021-12-09T12:11:59","modified_gmt":"2021-12-09T14:11:59","slug":"politica-de-privacidade","status":"publish","type":"page","link":"https:\/\/www.w3sat.com.br\/en\/politica-de-privacidade\/","title":{"rendered":"Pol\u00edtica de privacidade"},"content":{"rendered":"<h2>POL\u00cdTICA DE PRIVACIDADE<\/h2>\n<p>A W3SAT se compromete em proteger a sua privacidade e garantir seus direitos.<\/p>\n<p>Por isso, na presente pol\u00edtica de privacidade, j\u00e1 adaptada \u00e0 Lei Geral de Prote\u00e7\u00e3o de Dados (Lei n\u00ba 13.709\/18), esclarecemos quais informa\u00e7\u00f5es s\u00e3o coletadas dos Clientes, a forma como esses dados s\u00e3o manipulados e os direitos dos propriet\u00e1rios dos dados.<\/p>\n<p>Em caso de d\u00favidas, entre em contato conosco pelo e-mail <a href=\"mailto:contato@w3sat.com.br\">contato@w3sat.com.br<\/a><br \/>\nSer\u00e1 um prazer lhe orientar.<\/p>\n<p><strong>Defini\u00e7\u00f5es de Cliente<\/strong><\/p>\n<p>Para as finalidades desta pol\u00edtica de privacidade, o termo Cliente, quanto escrito em letra mai\u00fascula, dever\u00e1 contemplar:<\/p>\n<p>Usu\u00e1rios dos Websites: qualquer pessoa (f\u00edsica ou jur\u00eddica) que nos contatam, interagem com nossos canais digitais (websites, landing pages, portais) e\/ou demonstram interesse em nossos produtos ou servi\u00e7os;<\/p>\n<p>Leads (usu\u00e1rios dos Websites que preencheram formul\u00e1rio);<\/p>\n<p>Caso voc\u00ea entre em contato com a W3SAT, a partir de funcionalidades dispon\u00edveis nos canais digitais (websites, landing pages, portais), dados pessoais de identifica\u00e7\u00e3o ou de outra natureza com o intuito de obter informa\u00e7\u00f5es sobre servi\u00e7os ou produtos ou de requerer a presta\u00e7\u00e3o de um servi\u00e7o, este usu\u00e1rio ser\u00e1 caracterizado como \u201cLead\u201d e, portanto, a presente pol\u00edtica de privacidade tamb\u00e9m se aplicar\u00e1 a voc\u00ea.<\/p>\n<p><strong>Quais dados s\u00e3o coletados?<\/strong><\/p>\n<p>Os dados pessoais que podem ser coletados no \u00e2mbito desta Pol\u00edtica s\u00e3o:<\/p>\n<p>Para Usu\u00e1rios dos Websites<\/p>\n<p>Dados de navega\u00e7\u00e3o: por exemplo, endere\u00e7o IP, localiza\u00e7\u00e3o \u2013 pa\u00eds, informa\u00e7\u00f5es sobre as p\u00e1ginas visitadas pelo Usu\u00e1rio dentro do website, tempo de acesso no website, tempo de navega\u00e7\u00e3o em cada p\u00e1gina, an\u00e1lise de rastreamento de cliques). Embora a W3SAT n\u00e3o recolha estas informa\u00e7\u00f5es para as associar a usu\u00e1rios espec\u00edficos, \u00e9 poss\u00edvel identificar esses Usu\u00e1rios diretamente atrav\u00e9s destas informa\u00e7\u00f5es ou pelo uso de outras informa\u00e7\u00f5es \u00e0s quais a W3SAT tenha acesso;<\/p>\n<p>Cookies: pequenos arquivos de texto que podem ser enviados e registados no computador do Usu\u00e1rio que lembram os websites visitados, proporcionando uma melhor experi\u00eancia para o Usu\u00e1rio na pr\u00f3xima vez que os websites sejam visitados.<\/p>\n<p>Para Leads<\/p>\n<p>Informa\u00e7\u00f5es Cadastrais: ao solicitar uma proposta comercial, voc\u00ea poder\u00e1 nos fornecer: seu nome, n\u00famero do CNPJ, telefone de contato, endere\u00e7o de e-mail, cidade e informa\u00e7\u00f5es necess\u00e1rias para elabora\u00e7\u00e3o da proposta (informa\u00e7\u00f5es do projeto).<\/p>\n<p>Veja abaixo algumas das informa\u00e7\u00f5es cadastrais que poder\u00e3o ser coletadas:<\/p>\n<p>Dados coletados do Cliente, como \u00e9 capturado:<\/p>\n<p>Nome, e-mail, telefone, opt-in, opt-out, CNPJ, produto de interesse, valor de produtos e condi\u00e7\u00f5es de pagamento, interesse em produtos, informa\u00e7\u00f5es sobre produtos, inten\u00e7\u00e3o quanto a compra ou contrata\u00e7\u00e3o de produtos e servi\u00e7os ou outros campos que possam ser solicitados pelo controlador dos dados.<\/p>\n<p>Leads &#8211; Formul\u00e1rios nos canais<\/p>\n<p>Informa\u00e7\u00f5es t\u00e9cnicas, como endere\u00e7o de IP, dados de localiza\u00e7\u00e3o, informa\u00e7\u00f5es sobre cookies; Usu\u00e1rios dos websites Cookies, API de terceiros, Informa\u00e7\u00f5es de Navega\u00e7\u00e3o e Utiliza\u00e7\u00e3o do Websites. Al\u00e9m disso, podemos coletar outras informa\u00e7\u00f5es quando voc\u00ea navega nos Websites, tais como funcionalidades acessadas e tempo de perman\u00eancia.<\/p>\n<p><strong>Qual a finalidade dos processamentos de dados pessoais?<\/strong><\/p>\n<p>Os dados pessoais coletados podem ser tratados, sempre nos limites do permitido pela legisla\u00e7\u00e3o aplic\u00e1veis, para as seguintes finalidades:<\/p>\n<p>Permitir que a W3SAT fa\u00e7a verifica\u00e7\u00f5es e pesquisas com o intuito de melhorar a qualidade dos produtos e servi\u00e7os prestados em harmonia com os interesses leg\u00edtimos;<br \/>\nEnviar comunica\u00e7\u00f5es comerciais e\/ou promocionais acerca de produtos e servi\u00e7os da W3SAT, bem como fazer estudos de mercado (\u201cMarketing\u201d);<br \/>\nExaminar sua solicita\u00e7\u00e3o e enviar a proposta comercial solicitada;<br \/>\nResponder a eventuais pedidos de informa\u00e7\u00f5es adicionais;<br \/>\nCumprir obriga\u00e7\u00f5es contratuais, legais ou regulat\u00f3rias em rela\u00e7\u00e3o a entidades terceiras p\u00fablicas ou privadas;<br \/>\nComunicar-se com o Cliente por telefone, e-mail ou aplicativos de mensagens instant\u00e2neas quando diretamente solicitado pelo usu\u00e1rio;<br \/>\nMelhorar a experi\u00eancia do Usu\u00e1rio nos canais digitais (websites, landing pages e portais) da W3SAT.<\/p>\n<p>Atente que a utiliza\u00e7\u00e3o do nosso site somente dever\u00e1 ser efetivada se voc\u00ea consentir de forma direta, expressa e inequ\u00edvoca com as suas finalidades de utiliza\u00e7\u00e3o.<\/p>\n<p><strong>Como os dados s\u00e3o coletados\/processados?<\/strong><\/p>\n<p>Para as finalidades descritas na se\u00e7\u00e3o acima, os dados pessoais ser\u00e3o processados exclusivamente de acordo com os termos descritos nesta Pol\u00edtica de Privacidade e de acordo com os princ\u00edpios de transpar\u00eancia, necessidade, minimiza\u00e7\u00e3o e legalidade previstos na Lei Geral de Prote\u00e7\u00e3o de Dados (Lei Federal 13.709\/18) ou em qualquer outro diploma legal aplic\u00e1vel.<\/p>\n<p>Os dados pessoais podem ser processados de forma impressa ou em formato eletr\u00f4nico autom\u00e1tico e atrav\u00e9s de correios, e-mail, telefone, fax e qualquer outro canal eletr\u00f4nico. S\u00e3o adotadas as medidas de seguran\u00e7a adequadas para evitar qualquer perda, uso injusto ou ilegal ou acesso n\u00e3o autorizado aos dados.<\/p>\n<p>Al\u00e9m disso, a W3SAT exige que seus operadores de dados atualizem e testem, conforme as boas pr\u00e1ticas, seus sistemas de seguran\u00e7a com a finalidade de proteger seus dados pessoais. No entanto, embora trabalhemos com boas pr\u00e1ticas de prote\u00e7\u00e3o e seguran\u00e7a, nenhum servi\u00e7o web possui 100% de garantia contra invas\u00f5es e n\u00e3o podemos nos responsabilizar caso isso ocorra.<\/p>\n<p><strong>Com quem os dados podem ser compartilhados?<\/strong><\/p>\n<p>Para Usu\u00e1rios do website<\/p>\n<p>A W3SAT n\u00e3o divulga nenhum dado pessoal que identifique diretamente o Usu\u00e1rio, sem seu consentimento pr\u00e9vio, exceto nos casos em que a divulga\u00e7\u00e3o seja necess\u00e1ria para o cumprimento de obriga\u00e7\u00f5es legais, por ordem de autoridades judicial ou administrativa, para exercer um direito legal ou com o intuito de atingir uma das finalidades indicadas nesta Pol\u00edtica de Privacidade.<\/p>\n<p>Os dados pessoais podem ser processados por terceiros que operem em nome e por conta da W3SAT (\u201cOperadores\u201d), em virtude de obriga\u00e7\u00f5es contratuais espec\u00edficas e com o intuito de cumprir uma ou mais finalidades, conforme indicado na se\u00e7\u00e3o espec\u00edfica.<\/p>\n<p>Para Leads<\/p>\n<p>A W3SAT poder\u00e1 compartilhar seus dados pessoais com terceiros ou parceiros de neg\u00f3cios, que sejam relevantes para fins de viabilizar o relacionamento com voc\u00ea e o envio da proposta comercial solicitada. O referido compartilhamento ocorre com base nos seguintes crit\u00e9rios e para as finalidades descritas abaixo.<\/p>\n<p>Prestadores de servi\u00e7os: essas empresas trabalham com a W3SAT para viabilizar ou aprimorar o cumprimento das finalidades listadas no cap\u00edtulo anterior (\u201cQual a finalidade dos processamentos de dados pessoais?\u201d). S\u00e3o exemplos os servi\u00e7os de (i) desenvolvimento ou melhorias nos canais digitais, e (ii) cria\u00e7\u00e3o\/gest\u00e3o de a\u00e7\u00f5es de marketing para a W3SAT relacionadas direta ou indiretamente aos canais digitais, produtos e servi\u00e7os da empresa. Esses fornecedores recebem suas informa\u00e7\u00f5es com a finalidade espec\u00edfica de prestar servi\u00e7os a W3SAT e n\u00e3o possuem quaisquer direitos de uso de suas informa\u00e7\u00f5es fora dessa hip\u00f3tese. Algumas das aplica\u00e7\u00f5es prestadoras de servi\u00e7o que poder\u00e3o receber seus dados s\u00e3o: GOOGLE, FACEBOOK, INSTAGRAM, YOUTUBE, ENTRE OUTROS.<\/p>\n<p>Requisi\u00e7\u00e3o Judicial: a empresa W3SAT pode compartilhar dados pessoais em caso de requisi\u00e7\u00e3o judicial ou mediante determina\u00e7\u00e3o de autoridade competente, nos termos da lei.<\/p>\n<p><strong>Quais os direitos do titular dos dados?<\/strong><\/p>\n<p>A W3SAT garante o cumprimento \u00e0 Lei Federal n. 13.709\/2018 (Lei Geral de Prote\u00e7\u00e3o de Dados \u2013 LGPD), assegurando o cumprimento aos princ\u00edpios e fundamentos legais no tratamento de dados e a garantia dos direitos aos seus titulares.<\/p>\n<p>Os dados pessoais ser\u00e3o tratados pelo per\u00edodo considerado necess\u00e1rio para cumprir a finalidade para o qual foram coletados e a fim de proteger os interesses da W3SAT em rela\u00e7\u00e3o a potenciais responsabilidades relacionadas. O consentimento eventualmente fornecido por Voc\u00ea para outras atividades n\u00e3o relacionadas com a presta\u00e7\u00e3o de um servi\u00e7o espec\u00edfico solicitado pode ser revogado a qualquer momento. Com a revoga\u00e7\u00e3o do consentimento, os dados n\u00e3o poder\u00e3o mais ser tratados para as referidas finalidades, embora possam ser ainda tratados para a prote\u00e7\u00e3o dos interesses da W3SAT.<\/p>\n<p><strong>Como posso exercer meus direitos como titular dos dados?<\/strong><\/p>\n<p>A W3SAT informa que o consentimento fornecido por voc\u00ea pode ser revogado, a qualquer momento, mediante solicita\u00e7\u00e3o.<\/p>\n<p>O titular poder\u00e1 retirar os consentimentos prestados a qualquer momento, sem que, no entanto, torne ileg\u00edtimo o tratamento de dados realizado com base nesse consentimento at\u00e9 a data em que os mesmos sejam retirados.<\/p>\n<p>No caso do newsletter, o titular poder\u00e1 cancelar sua inscri\u00e7\u00e3o a qualquer momento, bastando clicar no local indicado no fim do e-mail, ou entrando em contato por e-mail (<a href=\"mailto:contato@w3sat.com.br\">contato@w3sat.com.br<\/a> \/ <a href=\"mailto:comercial@w3sat.com.br\">comercial@w3sat.com.br<\/a>).<\/p>\n<p>Se voc\u00ea deseja exercer algum dos seus direitos em rela\u00e7\u00e3o \u00e0s suas informa\u00e7\u00f5es pessoais ou se tiver alguma d\u00favida sobre como usamos suas informa\u00e7\u00f5es pessoais, entre em contato conosco por meio da \u00e1rea de Contato deste website ou por meio do e-mail: <a href=\"mailto:contato@w3sat.com.br\">contato@w3sat.com.br<\/a><\/p>\n<p>Telefone: (47) 3203 1950<br \/>\nEndere\u00e7o: Rua Carlos Schreiner, 102, Industrial Norte |Rio Negrinho\/SC, 89295-000<\/p>\n<p><strong>Sobre atualiza\u00e7\u00f5es na pol\u00edtica de privacidade<\/strong><\/p>\n<p>A presente pol\u00edtica de privacidade poder\u00e1 ser atualizada periodicamente, sendo as altera\u00e7\u00f5es consideradas como de aplica\u00e7\u00e3o e vig\u00eancia imediata, exceto em caso de comunica\u00e7\u00e3o em contr\u00e1rio enviada pela W3SAT. Tamb\u00e9m recomendamos visitar periodicamente esta p\u00e1gina para que voc\u00ea tenha conhecimento sobre as modifica\u00e7\u00f5es. Qualquer d\u00favida em rela\u00e7\u00e3o \u00e0 nossa pol\u00edtica de privacidade pode ser esclarecida entrando em contato conosco atrav\u00e9s do e-mail <a href=\"mailto:contato@w3sat.com.br\">contato@w3sat.com.br<\/a><\/p>\n","protected":false},"excerpt":{"rendered":"<p>POL\u00cdTICA DE PRIVACIDADE A W3SAT se compromete em proteger a sua privacidade e garantir seus direitos. Por isso, na presente pol\u00edtica de privacidade, j\u00e1 adaptada \u00e0 Lei Geral de Prote\u00e7\u00e3o de Dados (Lei n\u00ba 13.709\/18), esclarecemos quais informa\u00e7\u00f5es s\u00e3o coletadas dos Clientes, a forma como esses dados s\u00e3o manipulados e os direitos dos propriet\u00e1rios dos &hellip; <a href=\"https:\/\/www.w3sat.com.br\/en\/politica-de-privacidade\/\" class=\"more-link\">Continue reading <span class=\"screen-reader-text\">Pol\u00edtica de privacidade<\/span> <span class=\"meta-nav\">&rarr;<\/span><\/a><\/p>\n","protected":false},"author":1,"featured_media":0,"parent":0,"menu_order":0,"comment_status":"closed","ping_status":"open","template":"page-templates\/modelo-criar-paginas.php","meta":{"footnotes":""},"class_list":["post-3","page","type-page","status-publish","hentry"],"_links":{"self":[{"href":"https:\/\/www.w3sat.com.br\/en\/wp-json\/wp\/v2\/pages\/3","targetHints":{"allow":["GET"]}}],"collection":[{"href":"https:\/\/www.w3sat.com.br\/en\/wp-json\/wp\/v2\/pages"}],"about":[{"href":"https:\/\/www.w3sat.com.br\/en\/wp-json\/wp\/v2\/types\/page"}],"author":[{"embeddable":true,"href":"https:\/\/www.w3sat.com.br\/en\/wp-json\/wp\/v2\/users\/1"}],"replies":[{"embeddable":true,"href":"https:\/\/www.w3sat.com.br\/en\/wp-json\/wp\/v2\/comments?post=3"}],"version-history":[{"count":3,"href":"https:\/\/www.w3sat.com.br\/en\/wp-json\/wp\/v2\/pages\/3\/revisions"}],"predecessor-version":[{"id":487,"href":"https:\/\/www.w3sat.com.br\/en\/wp-json\/wp\/v2\/pages\/3\/revisions\/487"}],"wp:attachment":[{"href":"https:\/\/www.w3sat.com.br\/en\/wp-json\/wp\/v2\/media?parent=3"}],"curies":[{"name":"wp","href":"https:\/\/api.w.org\/{rel}","templated":true}]}}